{"id":8264,"date":"2022-06-24T17:37:32","date_gmt":"2022-06-24T15:37:32","guid":{"rendered":"https:\/\/www.lefraine.it\/vini\/"},"modified":"2023-02-24T12:55:57","modified_gmt":"2023-02-24T11:55:57","slug":"weine","status":"publish","type":"page","link":"https:\/\/www.lefraine.it\/de\/weine\/","title":{"rendered":"Weine"},"content":{"rendered":"\t\t<div data-elementor-type=\"wp-page\" data-elementor-id=\"8264\" class=\"elementor elementor-8264 elementor-6455\">\n\t\t\t\t\t\t\t\t\t<section class=\"elementor-section elementor-top-section elementor-element elementor-element-8339aed elementor-section-boxed elementor-section-gap-beside-yes elementor-section-height-default elementor-section-height-default elementor-section-column-vertical-align-stretch\" data-id=\"8339aed\" data-element_type=\"section\">\n\t\t\t\t\t\t<div class=\"elementor-container elementor-column-gap-extended\">\n\t\t\t\t\t<div class=\"elementor-column elementor-col-100 elementor-top-column elementor-element elementor-element-24d8af3\" data-id=\"24d8af3\" data-element_type=\"column\">\n\t\t\t<div class=\"elementor-widget-wrap elementor-element-populated\">\n\t\t\t\t\t\t\t\t<section class=\"elementor-section elementor-inner-section elementor-element elementor-element-40ed5a4 elementor-section-boxed elementor-section-gap-beside-yes elementor-section-height-default elementor-section-height-default elementor-section-column-vertical-align-stretch\" data-id=\"40ed5a4\" data-element_type=\"section\">\n\t\t\t\t\t\t<div class=\"elementor-container elementor-column-gap-extended\">\n\t\t\t\t\t<div class=\"elementor-column elementor-col-50 elementor-inner-column elementor-element elementor-element-6305cc0\" data-id=\"6305cc0\" data-element_type=\"column\">\n\t\t\t<div class=\"elementor-widget-wrap elementor-element-populated\">\n\t\t\t\t\t\t\t\t<div class=\"elementor-element elementor-element-f53bd83 elementor-invisible nuss-elementor-loading nuss-slide-in-right elementor-widget elementor-widget-image\" data-id=\"f53bd83\" data-element_type=\"widget\" data-settings=\"{&quot;_animation&quot;:&quot;nussSlideInRight&quot;}\" data-widget_type=\"image.default\">\n\t\t\t\t<div class=\"elementor-widget-container\">\n\t\t\t<style>\/*! elementor - v3.6.6 - 08-06-2022 *\/\n.elementor-widget-image{text-align:center}.elementor-widget-image a{display:inline-block}.elementor-widget-image a img[src$=\".svg\"]{width:48px}.elementor-widget-image img{vertical-align:middle;display:inline-block}<\/style>\t\t\t\t\t\t\t\t\t\t\t\t<img width=\"1707\" height=\"2560\" src=\"https:\/\/www.lefraine.it\/wp-content\/uploads\/2022\/10\/le_fraine_ferienhaus_mit_schwimmbad_toskana_farmhouse_swimmingpool_tuscany-15-scaled.jpg\" class=\"attachment-full size-full\" alt=\"\" loading=\"lazy\" srcset=\"https:\/\/www.lefraine.it\/wp-content\/uploads\/2022\/10\/le_fraine_ferienhaus_mit_schwimmbad_toskana_farmhouse_swimmingpool_tuscany-15-scaled.jpg 1707w, https:\/\/www.lefraine.it\/wp-content\/uploads\/2022\/10\/le_fraine_ferienhaus_mit_schwimmbad_toskana_farmhouse_swimmingpool_tuscany-15-200x300.jpg 200w, https:\/\/www.lefraine.it\/wp-content\/uploads\/2022\/10\/le_fraine_ferienhaus_mit_schwimmbad_toskana_farmhouse_swimmingpool_tuscany-15-683x1024.jpg 683w, https:\/\/www.lefraine.it\/wp-content\/uploads\/2022\/10\/le_fraine_ferienhaus_mit_schwimmbad_toskana_farmhouse_swimmingpool_tuscany-15-768x1152.jpg 768w, https:\/\/www.lefraine.it\/wp-content\/uploads\/2022\/10\/le_fraine_ferienhaus_mit_schwimmbad_toskana_farmhouse_swimmingpool_tuscany-15-1024x1536.jpg 1024w, https:\/\/www.lefraine.it\/wp-content\/uploads\/2022\/10\/le_fraine_ferienhaus_mit_schwimmbad_toskana_farmhouse_swimmingpool_tuscany-15-1365x2048.jpg 1365w\" sizes=\"(max-width: 1707px) 100vw, 1707px\" \/>\t\t\t\t\t\t\t\t\t\t\t\t\t\t\t<\/div>\n\t\t\t\t<\/div>\n\t\t\t\t\t<\/div>\n\t\t<\/div>\n\t\t\t\t<div class=\"elementor-column elementor-col-50 elementor-inner-column elementor-element elementor-element-8c7af75\" data-id=\"8c7af75\" data-element_type=\"column\">\n\t\t\t<div class=\"elementor-widget-wrap elementor-element-populated\">\n\t\t\t\t\t\t\t\t<div class=\"elementor-element elementor-element-cbb2b16 elementor-invisible elementor-widget elementor-widget-heading\" data-id=\"cbb2b16\" data-element_type=\"widget\" data-settings=\"{&quot;_animation&quot;:&quot;nussFadeInUp&quot;}\" data-widget_type=\"heading.default\">\n\t\t\t\t<div class=\"elementor-widget-container\">\n\t\t\t<style>\/*! elementor - v3.6.6 - 08-06-2022 *\/\n.elementor-heading-title{padding:0;margin:0;line-height:1}.elementor-widget-heading .elementor-heading-title[class*=elementor-size-]>a{color:inherit;font-size:inherit;line-height:inherit}.elementor-widget-heading .elementor-heading-title.elementor-size-small{font-size:15px}.elementor-widget-heading .elementor-heading-title.elementor-size-medium{font-size:19px}.elementor-widget-heading .elementor-heading-title.elementor-size-large{font-size:29px}.elementor-widget-heading .elementor-heading-title.elementor-size-xl{font-size:39px}.elementor-widget-heading .elementor-heading-title.elementor-size-xxl{font-size:59px}<\/style><h3 class=\"elementor-heading-title elementor-size-default\">IGT Vermentino di Toscana<\/h3>\t\t<\/div>\n\t\t\t\t<\/div>\n\t\t\t\t<div class=\"elementor-element elementor-element-8251470 elementor-invisible elementor-widget elementor-widget-text-editor\" data-id=\"8251470\" data-element_type=\"widget\" data-settings=\"{&quot;_animation&quot;:&quot;nussFadeInUp&quot;}\" data-widget_type=\"text-editor.default\">\n\t\t\t\t<div class=\"elementor-widget-container\">\n\t\t\t<style>\/*! elementor - v3.6.6 - 08-06-2022 *\/\n.elementor-widget-text-editor.elementor-drop-cap-view-stacked .elementor-drop-cap{background-color:#818a91;color:#fff}.elementor-widget-text-editor.elementor-drop-cap-view-framed .elementor-drop-cap{color:#818a91;border:3px solid;background-color:transparent}.elementor-widget-text-editor:not(.elementor-drop-cap-view-default) .elementor-drop-cap{margin-top:8px}.elementor-widget-text-editor:not(.elementor-drop-cap-view-default) .elementor-drop-cap-letter{width:1em;height:1em}.elementor-widget-text-editor .elementor-drop-cap{float:left;text-align:center;line-height:1;font-size:50px}.elementor-widget-text-editor .elementor-drop-cap-letter{display:inline-block}<\/style>\t\t\t\t<p><span data-sheets-value=\"{&quot;1&quot;:2,&quot;2&quot;:&quot;Unser Wein wird ausschliesslich aus Vermentino-Trauben hergestellt , die Ernte erfolgt von Hand\\r\\nin kleinen Kisten in den ersten Septembertagen.\\r\\nDie Trauben werden gepresst und bei niedriger Temperatur fermentiert, um den vollen\\r\\naromatischen Ausdruck zu gew\u00e4hrleisten.\\r\\nNach der alkoholischen G\u00e4rung reift der Wein f\u00fcr ca. 3 Monate in Stahlf\u00e4sser auf Hefesatz.\\r\\nWein von strohgelber Farbe mit goldenen Reflexen, typisch f\u00fcr eine gut gereifte Traube.&quot;}\" data-sheets-userformat=\"{&quot;2&quot;:513,&quot;3&quot;:{&quot;1&quot;:0},&quot;12&quot;:0}\">Unser Wein wird ausschliesslich aus Vermentino-Trauben hergestellt, die Ernte erfolgt von Hand in kleinen Kisten in den ersten Septembertagen. <br \/>Die Trauben werden gepresst und bei niedriger Temperatur fermentiert, um den vollen aromatischen Ausdruck zu gew\u00e4hrleisten. <br \/>Nach der alkoholischen G\u00e4rung reift der Wein f\u00fcr ca. 3 Monate in Stahlf\u00e4sser auf Hefesatz. <br \/>Wein von strohgelber Farbe mit goldenen Reflexen, typisch f\u00fcr eine gut gereifte Traube.<\/span><\/p>\t\t\t\t\t\t<\/div>\n\t\t\t\t<\/div>\n\t\t\t\t<div class=\"elementor-element elementor-element-02d143f nuss-accordion-style-03 elementor-invisible elementor-widget elementor-widget-nuss-accordion\" data-id=\"02d143f\" data-element_type=\"widget\" data-settings=\"{&quot;_animation&quot;:&quot;nussFadeInUp&quot;}\" data-widget_type=\"nuss-accordion.default\">\n\t\t\t\t<div class=\"elementor-widget-container\">\n\t\t\t\t\t<div class=\"nuss-accordion nuss-accordion-icon-right\">\n\t\t\t\t\t\t\t<div class=\"accordion-section\">\n\t\t\t\t\t<div class=\"accordion-header\">\n\t\t\t\t\t\t<div class=\"accordion-title-wrapper\">\n\t\t\t\t\t\t\t<h4 class=\"accordion-title\">Geschmack und Aroma<\/h4>\t\t\t\t\t\t<\/div>\n\t\t\t\t\t\t\t\t\t\t\t\t\t<div class=\"accordion-icons\">\n\t\t\t\t\t\t\t\t<span\n\t\t\t\t\t\t\t\t\tclass=\"accordion-icon opened-icon\"><i class=\"fal fa-angle-down\"><\/i><\/span>\n\t\t\t\t\t\t\t\t<span\n\t\t\t\t\t\t\t\t\tclass=\"accordion-icon closed-icon\"><i class=\"fal fa-angle-up\"><\/i><\/span>\n\t\t\t\t\t\t\t<\/div>\n\t\t\t\t\t\t\t\t\t\t\t<\/div>\n\t\t\t\t\t<div class=\"accordion-content\">\n\t\t\t\t\t\t<p><span data-sheets-value=\"{&quot;1&quot;:2,&quot;2&quot;:&quot;Mit der Nase werden Noten von reifen Beerenfr\u00fcchten mit einem Unterton von mediterranen\\r\\nKr\u00e4utern wahrgenommen.\\r\\nDer Wein umh\u00fcllt den Gaumen auf entschiedene Weise.Die Gerbstoffe sorgen f\u00fcr eine sch\u00f6ne\\r\\nStruktur. Ortstypische T\u00f6ne werden wahrgenommen auf diese Weise.\\r\\nDer Wein passt gut zu toskanischen Vorspeisen, Aufschnitt- und K\u00e4seplatten und zweiten G\u00e4ngen\\r\\nmit rotem Fleisch.&quot;}\" data-sheets-userformat=\"{&quot;2&quot;:513,&quot;3&quot;:{&quot;1&quot;:0},&quot;12&quot;:0}\">Mit der Nase werden Noten von reifen Beerenfr\u00fcchten mit einem Unterton von mediterranen <br \/>Kr\u00e4utern wahrgenommen. <br \/>Der Wein umh\u00fcllt den Gaumen auf entschiedene Weise. Die Gerbstoffe sorgen f\u00fcr eine sch\u00f6ne Struktur. Ortstypische T\u00f6ne werden wahrgenommen auf diese Weise. <br \/>Der Wein passt gut zu toskanischen Vorspeisen, Aufschnitt- und K\u00e4seplatten und zweiten G\u00e4ngen <br \/>mit rotem Fleisch.<\/span><\/p>\t\t\t\t\t<\/div>\n\t\t\t\t<\/div>\n\t\t\t\t\t<\/div>\n\t\t\t\t<\/div>\n\t\t\t\t<\/div>\n\t\t\t\t<div class=\"elementor-element elementor-element-b3bd1e8 elementor-invisible elementor-widget elementor-widget-button\" data-id=\"b3bd1e8\" data-element_type=\"widget\" data-settings=\"{&quot;_animation&quot;:&quot;nussFadeInUp&quot;}\" data-widget_type=\"button.default\">\n\t\t\t\t<div class=\"elementor-widget-container\">\n\t\t\t\t\t<div class=\"elementor-button-wrapper\">\n\t\t\t<a href=\"http:\/\/www.lefraine.it\/de\/kontakte\/\" target=\"_blank\" class=\"elementor-button-link elementor-button elementor-size-sm\" role=\"button\">\n\t\t\t\t\t\t<span class=\"elementor-button-content-wrapper\">\n\t\t\t\t\t\t<span class=\"elementor-button-text\">ANFRAGE INFORMATIONEN<\/span>\n\t\t<\/span>\n\t\t\t\t\t<\/a>\n\t\t<\/div>\n\t\t\t\t<\/div>\n\t\t\t\t<\/div>\n\t\t\t\t\t<\/div>\n\t\t<\/div>\n\t\t\t\t\t\t\t<\/div>\n\t\t<\/section>\n\t\t\t\t<section class=\"elementor-section elementor-inner-section elementor-element elementor-element-18bbaf4 elementor-reverse-mobile elementor-section-boxed elementor-section-gap-beside-yes elementor-section-height-default elementor-section-height-default elementor-section-column-vertical-align-stretch\" data-id=\"18bbaf4\" data-element_type=\"section\">\n\t\t\t\t\t\t<div class=\"elementor-container elementor-column-gap-extended\">\n\t\t\t\t\t<div class=\"elementor-column elementor-col-50 elementor-inner-column elementor-element elementor-element-e2c0f75\" data-id=\"e2c0f75\" data-element_type=\"column\">\n\t\t\t<div class=\"elementor-widget-wrap elementor-element-populated\">\n\t\t\t\t\t\t\t\t<div class=\"elementor-element elementor-element-ca3c19a elementor-invisible elementor-widget elementor-widget-heading\" data-id=\"ca3c19a\" data-element_type=\"widget\" data-settings=\"{&quot;_animation&quot;:&quot;nussFadeInUp&quot;}\" data-widget_type=\"heading.default\">\n\t\t\t\t<div class=\"elementor-widget-container\">\n\t\t\t<h3 class=\"elementor-heading-title elementor-size-default\">Dorme IGT roter Wein aus der Toscana<\/h3>\t\t<\/div>\n\t\t\t\t<\/div>\n\t\t\t\t<div class=\"elementor-element elementor-element-545a5ef elementor-invisible elementor-widget elementor-widget-text-editor\" data-id=\"545a5ef\" data-element_type=\"widget\" data-settings=\"{&quot;_animation&quot;:&quot;nussFadeInUp&quot;}\" data-widget_type=\"text-editor.default\">\n\t\t\t\t<div class=\"elementor-widget-container\">\n\t\t\t\t\t\t\t<p><span data-sheets-value=\"{&quot;1&quot;:2,&quot;2&quot;:&quot;Mischung aus roten Rebsorten.Haupts\u00e4chlich Cabernet ,Sauvignon und Syrah und eine kleine\\r\\nMenge Alicante und Canaiolo. Die Ernte erfolgt von Hand in Kisten. Die Trauben werden 15 Tage Land in Stahltanks bei\\r\\nkontrollierter Temperatur vergoren.Der Wein reift mindestens sechs Monate im Tank, bevor er in\\r\\nFlaschen abgef\u00fcllt wird.&quot;}\" data-sheets-userformat=\"{&quot;2&quot;:513,&quot;3&quot;:{&quot;1&quot;:0},&quot;12&quot;:0}\">Mischung aus roten Rebsorten.Haupts\u00e4chlich Cabernet, Sauvignon und Syrah und eine kleine <br \/>Menge Alicante und Canaiolo. Die Ernte erfolgt von Hand in Kisten. Die Trauben werden 15 Tage Land in Stahltanks bei kontrollierter Temperatur vergoren.Der Wein reift mindestens sechs Monate im Tank, bevor er in Flaschen abgef\u00fcllt wird.<\/span><\/p>\t\t\t\t\t\t<\/div>\n\t\t\t\t<\/div>\n\t\t\t\t<div class=\"elementor-element elementor-element-a90b7be nuss-accordion-style-03 elementor-invisible elementor-widget elementor-widget-nuss-accordion\" data-id=\"a90b7be\" data-element_type=\"widget\" data-settings=\"{&quot;_animation&quot;:&quot;nussFadeInUp&quot;}\" data-widget_type=\"nuss-accordion.default\">\n\t\t\t\t<div class=\"elementor-widget-container\">\n\t\t\t\t\t<div class=\"nuss-accordion nuss-accordion-icon-right\">\n\t\t\t\t\t\t\t<div class=\"accordion-section\">\n\t\t\t\t\t<div class=\"accordion-header\">\n\t\t\t\t\t\t<div class=\"accordion-title-wrapper\">\n\t\t\t\t\t\t\t<h6 class=\"accordion-title\">Geschmack und Aroma<\/h6>\t\t\t\t\t\t<\/div>\n\t\t\t\t\t\t\t\t\t\t\t\t\t<div class=\"accordion-icons\">\n\t\t\t\t\t\t\t\t<span\n\t\t\t\t\t\t\t\t\tclass=\"accordion-icon opened-icon\"><i class=\"fas fa-angle-down\"><\/i><\/span>\n\t\t\t\t\t\t\t\t<span\n\t\t\t\t\t\t\t\t\tclass=\"accordion-icon closed-icon\"><i class=\"fas fa-angle-up\"><\/i><\/span>\n\t\t\t\t\t\t\t<\/div>\n\t\t\t\t\t\t\t\t\t\t\t<\/div>\n\t\t\t\t\t<div class=\"accordion-content\">\n\t\t\t\t\t\t<p><span data-sheets-value=\"{&quot;1&quot;:2,&quot;2&quot;:&quot;Mit der Nase werden Noten von reifen Beerenfr\u00fcchten mit einem Unterton von mediterranen\\r\\nKr\u00e4utern wahrgenommen.\\r\\nDer Wein umh\u00fcllt den Gaumen auf entschiedene Weise.Die Gerbstoffe sorgen f\u00fcr eine sch\u00f6ne\\r\\nStruktur. Ortstypische T\u00f6ne werden wahrgenommen auf diese Weise.\\r\\nDer Wein passt gut zu toskanischen Vorspeisen, Aufschnitt- und K\u00e4seplatten und zweiten G\u00e4ngen\\r\\nmit rotem Fleisch.&quot;}\" data-sheets-userformat=\"{&quot;2&quot;:513,&quot;3&quot;:{&quot;1&quot;:0},&quot;12&quot;:0}\">Mit der Nase werden Noten von reifen Beerenfr\u00fcchten mit einem Unterton von mediterranen Kr\u00e4utern wahrgenommen. <br \/>Der Wein umh\u00fcllt den Gaumen auf entschiedene Weise. Die Gerbstoffe sorgen f\u00fcr eine sch\u00f6ne <br \/>Struktur. Ortstypische T\u00f6ne werden wahrgenommen auf diese Weise. <br \/>Der Wein passt gut zu toskanischen Vorspeisen, Aufschnitt- und K\u00e4seplatten und zweiten G\u00e4ngen <br \/>mit rotem Fleisch.<\/span><\/p>\t\t\t\t\t<\/div>\n\t\t\t\t<\/div>\n\t\t\t\t\t<\/div>\n\t\t\t\t<\/div>\n\t\t\t\t<\/div>\n\t\t\t\t<div class=\"elementor-element elementor-element-4e6a204 elementor-invisible elementor-widget elementor-widget-button\" data-id=\"4e6a204\" data-element_type=\"widget\" data-settings=\"{&quot;_animation&quot;:&quot;nussFadeInUp&quot;}\" data-widget_type=\"button.default\">\n\t\t\t\t<div class=\"elementor-widget-container\">\n\t\t\t\t\t<div class=\"elementor-button-wrapper\">\n\t\t\t<a href=\"http:\/\/www.lefraine.it\/de\/kontakte\/\" target=\"_blank\" class=\"elementor-button-link elementor-button elementor-size-sm\" role=\"button\">\n\t\t\t\t\t\t<span class=\"elementor-button-content-wrapper\">\n\t\t\t\t\t\t<span class=\"elementor-button-text\">ANFRAGE INFORMATIONEN<\/span>\n\t\t<\/span>\n\t\t\t\t\t<\/a>\n\t\t<\/div>\n\t\t\t\t<\/div>\n\t\t\t\t<\/div>\n\t\t\t\t\t<\/div>\n\t\t<\/div>\n\t\t\t\t<div class=\"elementor-column elementor-col-50 elementor-inner-column elementor-element elementor-element-b592f99\" data-id=\"b592f99\" data-element_type=\"column\">\n\t\t\t<div class=\"elementor-widget-wrap elementor-element-populated\">\n\t\t\t\t\t\t\t\t<div class=\"elementor-element elementor-element-fec5a6a elementor-invisible nuss-elementor-loading nuss-slide-in-right elementor-widget elementor-widget-image\" data-id=\"fec5a6a\" data-element_type=\"widget\" data-settings=\"{&quot;_animation&quot;:&quot;nussSlideInRight&quot;}\" data-widget_type=\"image.default\">\n\t\t\t\t<div class=\"elementor-widget-container\">\n\t\t\t\t\t\t\t\t\t\t\t\t\t\t\t<img width=\"1707\" height=\"2560\" src=\"https:\/\/www.lefraine.it\/wp-content\/uploads\/2022\/10\/le_fraine_ferienhaus_wein_toskana_farmhouse_tuscany_wine_tasting-4-scaled.jpg\" class=\"attachment-full size-full\" alt=\"\" loading=\"lazy\" srcset=\"https:\/\/www.lefraine.it\/wp-content\/uploads\/2022\/10\/le_fraine_ferienhaus_wein_toskana_farmhouse_tuscany_wine_tasting-4-scaled.jpg 1707w, https:\/\/www.lefraine.it\/wp-content\/uploads\/2022\/10\/le_fraine_ferienhaus_wein_toskana_farmhouse_tuscany_wine_tasting-4-200x300.jpg 200w, https:\/\/www.lefraine.it\/wp-content\/uploads\/2022\/10\/le_fraine_ferienhaus_wein_toskana_farmhouse_tuscany_wine_tasting-4-683x1024.jpg 683w, https:\/\/www.lefraine.it\/wp-content\/uploads\/2022\/10\/le_fraine_ferienhaus_wein_toskana_farmhouse_tuscany_wine_tasting-4-768x1152.jpg 768w, https:\/\/www.lefraine.it\/wp-content\/uploads\/2022\/10\/le_fraine_ferienhaus_wein_toskana_farmhouse_tuscany_wine_tasting-4-1024x1536.jpg 1024w, https:\/\/www.lefraine.it\/wp-content\/uploads\/2022\/10\/le_fraine_ferienhaus_wein_toskana_farmhouse_tuscany_wine_tasting-4-1365x2048.jpg 1365w\" sizes=\"(max-width: 1707px) 100vw, 1707px\" \/>\t\t\t\t\t\t\t\t\t\t\t\t\t\t\t<\/div>\n\t\t\t\t<\/div>\n\t\t\t\t\t<\/div>\n\t\t<\/div>\n\t\t\t\t\t\t\t<\/div>\n\t\t<\/section>\n\t\t\t\t\t<\/div>\n\t\t<\/div>\n\t\t\t\t\t\t\t<\/div>\n\t\t<\/section>\n\t\t\t\t\t\t\t<\/div>\n\t\t","protected":false},"excerpt":{"rendered":"<p>IGT Vermentino di Toscana Unser Wein wird ausschliesslich aus Vermentino-Trauben hergestellt, die Ernte erfolgt von Hand in kleinen Kisten in den ersten Septembertagen. Die Trauben werden gepresst und bei niedriger Temperatur fermentiert, um den vollen aromatischen Ausdruck zu gew\u00e4hrleisten. Nach der alkoholischen G\u00e4rung reift der Wein f\u00fcr ca. 3 Monate in Stahlf\u00e4sser auf Hefesatz. Wein [&hellip;]<\/p>\n","protected":false},"author":1,"featured_media":0,"parent":0,"menu_order":0,"comment_status":"closed","ping_status":"closed","template":"elementor_header_footer","meta":[],"yoast_head":"<!-- This site is optimized with the Yoast SEO plugin v19.13 - https:\/\/yoast.com\/wordpress\/plugins\/seo\/ -->\n<title>I Vini | Agriturismo Le Fraine<\/title>\n<meta name=\"description\" content=\"Il nostro vino \u00e8 prodotto interamente con uve Vermentino, la raccolta viene effettuata a mano in piccole cassette nei primi giorni di settembre.\" \/>\n<meta name=\"robots\" content=\"index, follow, max-snippet:-1, max-image-preview:large, max-video-preview:-1\" \/>\n<link rel=\"canonical\" href=\"https:\/\/www.lefraine.it\/de\/weine\/\" \/>\n<meta property=\"og:locale\" content=\"de_DE\" \/>\n<meta property=\"og:type\" content=\"article\" \/>\n<meta property=\"og:title\" content=\"I Vini | Agriturismo Le Fraine\" \/>\n<meta property=\"og:description\" content=\"Il nostro vino \u00e8 prodotto interamente con uve Vermentino, la raccolta viene effettuata a mano in piccole cassette nei primi giorni di settembre.\" \/>\n<meta property=\"og:url\" content=\"https:\/\/www.lefraine.it\/de\/weine\/\" \/>\n<meta property=\"og:site_name\" content=\"Badia Le Fraine\" \/>\n<meta property=\"article:modified_time\" content=\"2023-02-24T11:55:57+00:00\" \/>\n<meta property=\"og:image\" content=\"https:\/\/www.lefraine.it\/wp-content\/uploads\/2022\/10\/le_fraine_ferienhaus_mit_schwimmbad_toskana_farmhouse_swimmingpool_tuscany-15-scaled.jpg\" \/>\n<meta name=\"twitter:card\" content=\"summary_large_image\" \/>\n<meta name=\"twitter:label1\" content=\"Gesch\u00e4tzte Lesezeit\" \/>\n\t<meta name=\"twitter:data1\" content=\"2 Minuten\" \/>\n<script type=\"application\/ld+json\" class=\"yoast-schema-graph\">{\"@context\":\"https:\/\/schema.org\",\"@graph\":[{\"@type\":\"WebPage\",\"@id\":\"https:\/\/www.lefraine.it\/de\/weine\/\",\"url\":\"https:\/\/www.lefraine.it\/de\/weine\/\",\"name\":\"I Vini | Agriturismo Le Fraine\",\"isPartOf\":{\"@id\":\"https:\/\/www.lefraine.it\/#website\"},\"datePublished\":\"2022-06-24T15:37:32+00:00\",\"dateModified\":\"2023-02-24T11:55:57+00:00\",\"description\":\"Il nostro vino \u00e8 prodotto interamente con uve Vermentino, la raccolta viene effettuata a mano in piccole cassette nei primi giorni di settembre.\",\"breadcrumb\":{\"@id\":\"https:\/\/www.lefraine.it\/de\/weine\/#breadcrumb\"},\"inLanguage\":\"de-DE\",\"potentialAction\":[{\"@type\":\"ReadAction\",\"target\":[\"https:\/\/www.lefraine.it\/de\/weine\/\"]}]},{\"@type\":\"BreadcrumbList\",\"@id\":\"https:\/\/www.lefraine.it\/de\/weine\/#breadcrumb\",\"itemListElement\":[{\"@type\":\"ListItem\",\"position\":1,\"name\":\"Home\",\"item\":\"https:\/\/www.lefraine.it\/en\/\"},{\"@type\":\"ListItem\",\"position\":2,\"name\":\"Weine\"}]},{\"@type\":\"WebSite\",\"@id\":\"https:\/\/www.lefraine.it\/#website\",\"url\":\"https:\/\/www.lefraine.it\/\",\"name\":\"Badia Le Fraine\",\"description\":\"Agriturismo sulle colline toscane\",\"potentialAction\":[{\"@type\":\"SearchAction\",\"target\":{\"@type\":\"EntryPoint\",\"urlTemplate\":\"https:\/\/www.lefraine.it\/?s={search_term_string}\"},\"query-input\":\"required name=search_term_string\"}],\"inLanguage\":\"de-DE\"}]}<\/script>\n<!-- \/ Yoast SEO plugin. -->","yoast_head_json":{"title":"I Vini | Agriturismo Le Fraine","description":"Il nostro vino \u00e8 prodotto interamente con uve Vermentino, la raccolta viene effettuata a mano in piccole cassette nei primi giorni di settembre.","robots":{"index":"index","follow":"follow","max-snippet":"max-snippet:-1","max-image-preview":"max-image-preview:large","max-video-preview":"max-video-preview:-1"},"canonical":"https:\/\/www.lefraine.it\/de\/weine\/","og_locale":"de_DE","og_type":"article","og_title":"I Vini | Agriturismo Le Fraine","og_description":"Il nostro vino \u00e8 prodotto interamente con uve Vermentino, la raccolta viene effettuata a mano in piccole cassette nei primi giorni di settembre.","og_url":"https:\/\/www.lefraine.it\/de\/weine\/","og_site_name":"Badia Le Fraine","article_modified_time":"2023-02-24T11:55:57+00:00","og_image":[{"url":"https:\/\/www.lefraine.it\/wp-content\/uploads\/2022\/10\/le_fraine_ferienhaus_mit_schwimmbad_toskana_farmhouse_swimmingpool_tuscany-15-scaled.jpg"}],"twitter_card":"summary_large_image","twitter_misc":{"Gesch\u00e4tzte Lesezeit":"2 Minuten"},"schema":{"@context":"https:\/\/schema.org","@graph":[{"@type":"WebPage","@id":"https:\/\/www.lefraine.it\/de\/weine\/","url":"https:\/\/www.lefraine.it\/de\/weine\/","name":"I Vini | Agriturismo Le Fraine","isPartOf":{"@id":"https:\/\/www.lefraine.it\/#website"},"datePublished":"2022-06-24T15:37:32+00:00","dateModified":"2023-02-24T11:55:57+00:00","description":"Il nostro vino \u00e8 prodotto interamente con uve Vermentino, la raccolta viene effettuata a mano in piccole cassette nei primi giorni di settembre.","breadcrumb":{"@id":"https:\/\/www.lefraine.it\/de\/weine\/#breadcrumb"},"inLanguage":"de-DE","potentialAction":[{"@type":"ReadAction","target":["https:\/\/www.lefraine.it\/de\/weine\/"]}]},{"@type":"BreadcrumbList","@id":"https:\/\/www.lefraine.it\/de\/weine\/#breadcrumb","itemListElement":[{"@type":"ListItem","position":1,"name":"Home","item":"https:\/\/www.lefraine.it\/en\/"},{"@type":"ListItem","position":2,"name":"Weine"}]},{"@type":"WebSite","@id":"https:\/\/www.lefraine.it\/#website","url":"https:\/\/www.lefraine.it\/","name":"Badia Le Fraine","description":"Agriturismo sulle colline toscane","potentialAction":[{"@type":"SearchAction","target":{"@type":"EntryPoint","urlTemplate":"https:\/\/www.lefraine.it\/?s={search_term_string}"},"query-input":"required name=search_term_string"}],"inLanguage":"de-DE"}]}},"_links":{"self":[{"href":"https:\/\/www.lefraine.it\/de\/wp-json\/wp\/v2\/pages\/8264"}],"collection":[{"href":"https:\/\/www.lefraine.it\/de\/wp-json\/wp\/v2\/pages"}],"about":[{"href":"https:\/\/www.lefraine.it\/de\/wp-json\/wp\/v2\/types\/page"}],"author":[{"embeddable":true,"href":"https:\/\/www.lefraine.it\/de\/wp-json\/wp\/v2\/users\/1"}],"replies":[{"embeddable":true,"href":"https:\/\/www.lefraine.it\/de\/wp-json\/wp\/v2\/comments?post=8264"}],"version-history":[{"count":13,"href":"https:\/\/www.lefraine.it\/de\/wp-json\/wp\/v2\/pages\/8264\/revisions"}],"predecessor-version":[{"id":8362,"href":"https:\/\/www.lefraine.it\/de\/wp-json\/wp\/v2\/pages\/8264\/revisions\/8362"}],"wp:attachment":[{"href":"https:\/\/www.lefraine.it\/de\/wp-json\/wp\/v2\/media?parent=8264"}],"curies":[{"name":"wp","href":"https:\/\/api.w.org\/{rel}","templated":true}]}}